{"id":17,"date":"2019-10-30T21:58:40","date_gmt":"2019-10-30T20:58:40","guid":{"rendered":"http:\/\/soqqu.pl\/?page_id=17"},"modified":"2021-09-09T12:58:14","modified_gmt":"2021-09-09T10:58:14","slug":"polityka-prywatnosci","status":"publish","type":"page","link":"https:\/\/soqqu.pl\/index.php\/polityka-prywatnosci\/","title":{"rendered":"Polityka prywatno\u015bci"},"content":{"rendered":"\n<p>POLITYKA\nPRYWATNO\u015aCI<strong><\/strong><\/p>\n\n\n\n<p><strong>Artyku\u0142 1. Zasada ochrony prywatno\u015bci<\/strong><strong><\/strong><\/p>\n\n\n\n<ol><li>Celem niniejszej Polityki Prywatno\u015bci na stronie www.soqqu.pl jest kompleksowe okre\u015blenie dzia\u0142a\u0144 w zakresie przetwarzania i ochrony danych osobowych, gromadzonych w zwi\u0105zku ze \u015bwiadczeniem us\u0142ug b\u0105d\u017a sprzeda\u017c\u0105 produkt\u00f3w, podejmowanych przez:                                   <strong>Soqqu.pl<\/strong> Danuta Sok, ul. Lortza 76, 41-940 Piekary \u015al\u0105skie, NIP: 6451499370                                                e-mail: info.soqqujewellery@gmail.com, tel.+48 509 426 182 <\/li><li>Administratorem danych osobowych, kt\u00f3ry decyduje o tym jak b\u0119d\u0105 wykorzystywane dane osobowe jest ka\u017cdorazowo podmiot \u015bwiadcz\u0105cy dan\u0105 us\u0142ug\u0119 (b\u0105d\u017a sprzeda\u017c). W razie w\u0105tpliwo\u015bci, co do identyfikacji tego podmiotu, konkretne wskazanie administratora danych osobowych znajduj\u0105 si\u0119 w regulaminie okre\u015blaj\u0105cym zasady \u015bwiadczenia tej us\u0142ugi (b\u0105d\u017a sprzeda\u017cy).<\/li><li>Administrator z nale\u017cyt\u0105 staranno\u015bci\u0105 dobiera i stosuje odpowiednie \u015brodki techniczne i organizacyjne zapewniaj\u0105ce ochron\u0119 przetwarzanych danych osobowych. Dane osobowe dotycz\u0105ce Klient\u00f3w oraz innych os\u00f3b, kt\u00f3rych dane zg\u0142osi\u0142 Klient, s\u0105 chronione przez administratora przed ich udost\u0119pnieniem osobom nieupowa\u017cnionym, a tak\u017ce innymi przypadkami ich ujawnienia albo utraty lub nieuprawnion\u0105 modyfikacj\u0105 wskazanych danych oraz informacji.<\/li><li>Odbiorcami danych osobowych s\u0105 osoby dzia\u0142aj\u0105ce na rzecz firmy Soqqu, odpowiedzialne za obs\u0142ug\u0119 serwisu internetowego www.soqqu.pl oraz podmioty \u015bwiadcz\u0105ce w tym zakresie us\u0142ugi na rzecz firmy Soqqu (np. firmy \u015bwiadcz\u0105ce us\u0142ugi dostawy Internetu, podmioty udost\u0119pniaj\u0105ce serwer). Odbiorcami mog\u0105 by\u0107 tak\u017ce podmioty uprawnione do otrzymania danych na mocy obowi\u0105zuj\u0105cych przepis\u00f3w prawa, w tym w\u0142a\u015bciwe organy wymiaru sprawiedliwo\u015bci.<\/li><\/ol>\n\n\n\n<p><strong>Artyku\u0142 2.&nbsp; Podstawa\nprzetwarzania danych osobowych<\/strong><strong><\/strong><\/p>\n\n\n\n<ol><li>Podanie danych osobowych jest dobrowolne, przy czym brak podania danych\nmo\u017ce utrudnia\u0107 b\u0105d\u017a uniemo\u017cliwia\u0107 prawid\u0142owe wykonanie us\u0142ugi b\u0105d\u017a\nzrealizowanie sprzeda\u017cy b\u0105d\u017a udzielenie obs\u0142ugi posprzeda\u017cowej.<\/li><li>Dane osobowe s\u0105 przetwarzane na podstawie: a) zaakceptowania przez Klienta\nregulaminu danej us\u0142ugi b\u0105d\u017a prowadzonej sprzeda\u017cy, b) konieczno\u015b\u0107 wykonania\numowy na rzecz Klienta, lub c) uzasadnionego interesu administratora (np.\nobrona przed roszczeniami czy w przypadku danych os\u00f3b trzecich podawanych przez\nKlient\u00f3w \u2013 wskazanie adresu do dor\u0119cze\u0144 innej osoby).<\/li><li>Administrator mo\u017ce przetwarza\u0107 dane os\u00f3b trzecich udost\u0119pnione przez\nKlient\u00f3w do cel\u00f3w realizowania komunikacji, rekomendacyjnych, korzystania z\nus\u0142ug administratora, w tym w szczeg\u00f3lno\u015bci zawarcia lub wykonania umowy,\nzawartej poprzez udost\u0119pnione narz\u0119dzia w ramach strony internetowej soqqu.pl.\nKlient wprowadzaj\u0105c takie dane o\u015bwiadcza, \u017ce uzyska\u0142 od osoby, kt\u00f3rej dane\nwprowadza, niezb\u0119dn\u0105 zgod\u0119 na udost\u0119pnienie jej danych administratorowi.<\/li><li>Dane Klient\u00f3w mog\u0105 by\u0107 udost\u0119pniane innym Klientom, w przypadku gdy jest to\nniezb\u0119dne do wykonania umowy.<\/li><\/ol>\n\n\n\n<p><strong>Artyku\u0142 3.&nbsp; Zakres przetwarzania\ndanych osobowych<\/strong><strong><\/strong><\/p>\n\n\n\n<ol><li>Dane osobowe s\u0105 przetwarzane przez administratora zgodnie z przepisami\nprawa oraz wy\u0142\u0105cznie w celach zwi\u0105zanych z jego dzia\u0142alno\u015bci\u0105, w tym w celu\nzawierania i realizacji um\u00f3w sprzeda\u017cy (obs\u0142ugi transakcji sprzeda\u017cy Produkt\u00f3w,\nkomunikacji z Klientami i rozpatrywania reklamacji), prowadzenia programu\nlojalno\u015bciowego, a tak\u017ce archiwizacji wykonanych us\u0142ug b\u0105d\u017a transakcji.<\/li><li>Dane podawane przez Klienta wykorzystywane s\u0105 do przesy\u0142ania Klientom\ninformacji, o administratorze i jego us\u0142ugach, realizacji us\u0142ug \u015bwiadczonych\nprzez administratora, a tak\u017ce w celach statystycznych.<\/li><li>Administrator mo\u017ce wykorzystywa\u0107 adresy IP zbierane w trakcie po\u0142\u0105cze\u0144\ninternetowych w celach ochrony interes\u00f3w Klient\u00f3w b\u0105d\u017a wyja\u015bnienia stanu\nfaktycznego przy rozpatrywaniu spor\u00f3w, nieprawid\u0142owo\u015bci b\u0105d\u017a nadu\u017cy\u0107 oraz\ntechnicznych, zwi\u0105zanych z administracj\u0105 serwerami. Ponadto adresy IP s\u0142u\u017c\u0105 do\nzbierania og\u00f3lnych, statystycznych informacji demograficznych (np. o regionie,\nz kt\u00f3rego nast\u0119puje po\u0142\u0105czenie w celu ustalenia domy\u015blnego j\u0119zyku interfejsu\nu\u017cytkownika dla danego regionu).<\/li><li>Dane osobowe s\u0105 przechowywane przez okres niezb\u0119dny dla realizacji zam\u00f3wie\u0144\nlub prowadzenia konta Klienta w soqqu.pl Po tym okresie, dane mog\u0105 by\u0107\nprzetwarzane w oparciu o: obowi\u0105zki prawne administratora (np. w zakresie\nprzechowywania dokument\u00f3w ksi\u0119gowych), czy prawnie uzasadniony interes (obrona\nprzed roszczeniami, jakie mog\u0105 przys\u0142ugiwa\u0107 wobec administratora).<\/li><li>Podczas korzystania przez Klienta ze stron internetowych w domenie soqqu.pl,\nzapisywane s\u0105 na urz\u0105dzeniu ko\u0144cowym u\u017cytkownika (np. komputerze, laptopie,\nsmartfonie, tablecie) dane informatyczne (pliki cookies), u\u017cywane do\nprzechowywania w nich informacji dla potrzeb funkcjonalno\u015bci \u2013 np.\nzapami\u0119tywania danych i zapisywania preferencji przegl\u0105dania. Celem cookies\njest u\u0142atwienie przegl\u0105dania zasob\u00f3w strony internetowej przy kolejnych\nwizytach. U\u017cytkownik sam decyduje o tym, kt\u00f3re pliki cookies i w jaki spos\u00f3b s\u0105\nzapisywane, poprzez ustawienia przegl\u0105darki internetowej (powszechnie u\u017cywane:\nMozilla Firefox, Internet Explorer, Google Chrome, Opera, Safari). Domy\u015blne\nustawienia przegl\u0105darek pozwalaj\u0105 na przechowywanie plik\u00f3w cookies.<\/li><\/ol>\n\n\n\n<p><strong>Artyku\u0142 5.&nbsp; Kontrola\nprzetwarzania danych osobowych<\/strong><strong><\/strong><\/p>\n\n\n\n<ol><li>Administrator zapewnia osobom, kt\u00f3rych dane osobowe przetwarza, realizacj\u0119\nuprawnie\u0144 wynikaj\u0105cych z przepis\u00f3w prawa, w tym prawa dost\u0119pu do tre\u015bci\nw\u0142asnych danych osobowych, ich sprostowania, zmiany, usuni\u0119cia lub\nprzenoszenia, a ponadto prawo do \u017c\u0105dania ograniczenia przetwarzania danych\nosobowych oraz do wniesienia sprzeciwu wobec takiego przetwarzania na zasadach\nokre\u015blonych w\u0142a\u015bciwymi przepisami.<\/li><li>W przypadku dobrowolnego udzielania zgody na przetwarzanie danych ka\u017cda\nosoba, kt\u00f3rej dane s\u0105 przetwarzane ma prawo do cofni\u0119cia zgodny na\nprzetwarzanie dane.<\/li><li>Ka\u017cdej osobie, kt\u00f3rej dane s\u0105 przetwarzane przys\u0142uguje prawo do wniesienia\nskargi do Prezesa Urz\u0119du Ochrony Danych Osobowych.<\/li><\/ol>\n\n\n\n<p><strong>Artyku\u0142 6.&nbsp; Przekazywanie i\nudost\u0119pnianie danych osobowych<\/strong><strong><\/strong><\/p>\n\n\n\n<ol><li>Dane Klient\u00f3w mog\u0105 by\u0107 udost\u0119pniane podmiotom uprawnionym do ich otrzymania na mocy obowi\u0105zuj\u0105cych przepis\u00f3w prawa, w tym w\u0142a\u015bciwym organom wymiaru sprawiedliwo\u015bci.<\/li><li>Dane osobowe mog\u0105 by\u0107 przekazywane Dostawcom Us\u0142ug, kt\u00f3rzy realizuj\u0105 okre\u015blone zadania w imieniu Soqqu. S\u0105 to m.in. firmy, kt\u00f3re dostarczaj\u0105 Soqqu:<ol><li>us\u0142ugi zwi\u0105zane z technologi\u0105 (na przyk\u0142ad wsparcie Strony Internetowej Soqqu, Aplikacji Mobilnych),<\/li><\/ol><ol><li>przetwarzanie p\u0142atno\u015bci w sklepie internetowym,<\/li><\/ol><ol><li>us\u0142ugi kurierskie.<\/li><\/ol><\/li><li>Dane osobowe Klient\u00f3w mog\u0105 by\u0107 przekazywane podmiotom trzecim \u2013 w przypadkach nie wskazanych przez administratora b\u0105d\u017a przepisy prawa \u2013 tylko za zgod\u0105 osoby, kt\u00f3rej dane dotycz\u0105.<\/li><li>Dane osobowe mog\u0105 by\u0107 przekazywane do pa\u0144stw trzecich (poza pa\u0144stwa nale\u017c\u0105ce do Unii Europejskiej) z zwi\u0105zku ze zlecan\u0105 przez Klient\u00f3w dostaw\u0105 Produkt\u00f3w.<\/li><\/ol>\n","protected":false},"excerpt":{"rendered":"<p>POLITYKA PRYWATNO\u015aCI Artyku\u0142 1. Zasada ochrony prywatno\u015bci Celem niniejszej Polityki Prywatno\u015bci na stronie www.soqqu.pl jest kompleksowe okre\u015blenie dzia\u0142a\u0144 w zakresie przetwarzania i ochrony danych osobowych, gromadzonych w zwi\u0105zku ze \u015bwiadczeniem us\u0142ug b\u0105d\u017a sprzeda\u017c\u0105 produkt\u00f3w, podejmowanych przez: Soqqu.pl Danuta Sok, ul. Lortza 76, 41-940 Piekary \u015al\u0105skie, NIP: 6451499370 e-mail: info.soqqujewellery@gmail.com, tel.+48 509 426 182 Administratorem danych [&hellip;]<\/p>\n","protected":false},"author":1,"featured_media":0,"parent":0,"menu_order":0,"comment_status":"closed","ping_status":"closed","template":"","meta":{"_monsterinsights_skip_tracking":false,"_monsterinsights_sitenote_active":false,"_monsterinsights_sitenote_note":"","_monsterinsights_sitenote_category":0,"spay_email":""},"yoast_head":"<!-- This site is optimized with the Yoast SEO plugin v17.5 - https:\/\/yoast.com\/wordpress\/plugins\/seo\/ -->\n<title>Polityka prywatno\u015bci - Soqqu<\/title>\n<meta name=\"robots\" content=\"index, follow, max-snippet:-1, max-image-preview:large, max-video-preview:-1\" \/>\n<link rel=\"canonical\" href=\"https:\/\/soqqu.pl\/index.php\/polityka-prywatnosci\/\" \/>\n<meta property=\"og:locale\" content=\"pl_PL\" \/>\n<meta property=\"og:type\" content=\"article\" \/>\n<meta property=\"og:title\" content=\"Polityka prywatno\u015bci - Soqqu\" \/>\n<meta property=\"og:description\" content=\"POLITYKA PRYWATNO\u015aCI Artyku\u0142 1. Zasada ochrony prywatno\u015bci Celem niniejszej Polityki Prywatno\u015bci na stronie www.soqqu.pl jest kompleksowe okre\u015blenie dzia\u0142a\u0144 w zakresie przetwarzania i ochrony danych osobowych, gromadzonych w zwi\u0105zku ze \u015bwiadczeniem us\u0142ug b\u0105d\u017a sprzeda\u017c\u0105 produkt\u00f3w, podejmowanych przez: Soqqu.pl Danuta Sok, ul. Lortza 76, 41-940 Piekary \u015al\u0105skie, NIP: 6451499370 e-mail: info.soqqujewellery@gmail.com, tel.+48 509 426 182 Administratorem danych [&hellip;]\" \/>\n<meta property=\"og:url\" content=\"https:\/\/soqqu.pl\/index.php\/polityka-prywatnosci\/\" \/>\n<meta property=\"og:site_name\" content=\"Sklep z bi\u017cuteri\u0105 online - Soqqu Jewellery - bi\u017cuteria online\" \/>\n<meta property=\"article:modified_time\" content=\"2021-09-09T10:58:14+00:00\" \/>\n<meta name=\"twitter:card\" content=\"summary_large_image\" \/>\n<meta name=\"twitter:label1\" content=\"Szacowany czas czytania\" \/>\n\t<meta name=\"twitter:data1\" content=\"5 minut\" \/>\n<script type=\"application\/ld+json\" class=\"yoast-schema-graph\">{\"@context\":\"https:\/\/schema.org\",\"@graph\":[{\"@type\":\"WebSite\",\"@id\":\"https:\/\/soqqu.pl\/#website\",\"url\":\"https:\/\/soqqu.pl\/\",\"name\":\"Sklep z bi\\u017cuteri\\u0105 online - Soqqu Jewellery - bi\\u017cuteria online\",\"description\":\"Nasza bi\\u017cuteria online to bi\\u017cuteria z przes\\u0142aniem. Sklep internetowy z bi\\u017cuteri\\u0105 to nasza pasja. Skorzystaj z atrakcyjnych ofert i rabat\\u00f3w.\",\"potentialAction\":[{\"@type\":\"SearchAction\",\"target\":{\"@type\":\"EntryPoint\",\"urlTemplate\":\"https:\/\/soqqu.pl\/?s={search_term_string}\"},\"query-input\":\"required name=search_term_string\"}],\"inLanguage\":\"pl-PL\"},{\"@type\":\"WebPage\",\"@id\":\"https:\/\/soqqu.pl\/index.php\/polityka-prywatnosci\/#webpage\",\"url\":\"https:\/\/soqqu.pl\/index.php\/polityka-prywatnosci\/\",\"name\":\"Polityka prywatno\\u015bci - Soqqu\",\"isPartOf\":{\"@id\":\"https:\/\/soqqu.pl\/#website\"},\"datePublished\":\"2019-10-30T20:58:40+00:00\",\"dateModified\":\"2021-09-09T10:58:14+00:00\",\"breadcrumb\":{\"@id\":\"https:\/\/soqqu.pl\/index.php\/polityka-prywatnosci\/#breadcrumb\"},\"inLanguage\":\"pl-PL\",\"potentialAction\":[{\"@type\":\"ReadAction\",\"target\":[\"https:\/\/soqqu.pl\/index.php\/polityka-prywatnosci\/\"]}]},{\"@type\":\"BreadcrumbList\",\"@id\":\"https:\/\/soqqu.pl\/index.php\/polityka-prywatnosci\/#breadcrumb\",\"itemListElement\":[{\"@type\":\"ListItem\",\"position\":1,\"name\":\"Strona g\\u0142\\u00f3wna\",\"item\":\"https:\/\/soqqu.pl\/\"},{\"@type\":\"ListItem\",\"position\":2,\"name\":\"Polityka prywatno\\u015bci\"}]}]}<\/script>\n<!-- \/ Yoast SEO plugin. -->","yoast_head_json":{"title":"Polityka prywatno\u015bci - Soqqu","robots":{"index":"index","follow":"follow","max-snippet":"max-snippet:-1","max-image-preview":"max-image-preview:large","max-video-preview":"max-video-preview:-1"},"canonical":"https:\/\/soqqu.pl\/index.php\/polityka-prywatnosci\/","og_locale":"pl_PL","og_type":"article","og_title":"Polityka prywatno\u015bci - Soqqu","og_description":"POLITYKA PRYWATNO\u015aCI Artyku\u0142 1. Zasada ochrony prywatno\u015bci Celem niniejszej Polityki Prywatno\u015bci na stronie www.soqqu.pl jest kompleksowe okre\u015blenie dzia\u0142a\u0144 w zakresie przetwarzania i ochrony danych osobowych, gromadzonych w zwi\u0105zku ze \u015bwiadczeniem us\u0142ug b\u0105d\u017a sprzeda\u017c\u0105 produkt\u00f3w, podejmowanych przez: Soqqu.pl Danuta Sok, ul. Lortza 76, 41-940 Piekary \u015al\u0105skie, NIP: 6451499370 e-mail: info.soqqujewellery@gmail.com, tel.+48 509 426 182 Administratorem danych [&hellip;]","og_url":"https:\/\/soqqu.pl\/index.php\/polityka-prywatnosci\/","og_site_name":"Sklep z bi\u017cuteri\u0105 online - Soqqu Jewellery - bi\u017cuteria online","article_modified_time":"2021-09-09T10:58:14+00:00","twitter_card":"summary_large_image","twitter_misc":{"Szacowany czas czytania":"5 minut"},"schema":{"@context":"https:\/\/schema.org","@graph":[{"@type":"WebSite","@id":"https:\/\/soqqu.pl\/#website","url":"https:\/\/soqqu.pl\/","name":"Sklep z bi\u017cuteri\u0105 online - Soqqu Jewellery - bi\u017cuteria online","description":"Nasza bi\u017cuteria online to bi\u017cuteria z przes\u0142aniem. Sklep internetowy z bi\u017cuteri\u0105 to nasza pasja. Skorzystaj z atrakcyjnych ofert i rabat\u00f3w.","potentialAction":[{"@type":"SearchAction","target":{"@type":"EntryPoint","urlTemplate":"https:\/\/soqqu.pl\/?s={search_term_string}"},"query-input":"required name=search_term_string"}],"inLanguage":"pl-PL"},{"@type":"WebPage","@id":"https:\/\/soqqu.pl\/index.php\/polityka-prywatnosci\/#webpage","url":"https:\/\/soqqu.pl\/index.php\/polityka-prywatnosci\/","name":"Polityka prywatno\u015bci - Soqqu","isPartOf":{"@id":"https:\/\/soqqu.pl\/#website"},"datePublished":"2019-10-30T20:58:40+00:00","dateModified":"2021-09-09T10:58:14+00:00","breadcrumb":{"@id":"https:\/\/soqqu.pl\/index.php\/polityka-prywatnosci\/#breadcrumb"},"inLanguage":"pl-PL","potentialAction":[{"@type":"ReadAction","target":["https:\/\/soqqu.pl\/index.php\/polityka-prywatnosci\/"]}]},{"@type":"BreadcrumbList","@id":"https:\/\/soqqu.pl\/index.php\/polityka-prywatnosci\/#breadcrumb","itemListElement":[{"@type":"ListItem","position":1,"name":"Strona g\u0142\u00f3wna","item":"https:\/\/soqqu.pl\/"},{"@type":"ListItem","position":2,"name":"Polityka prywatno\u015bci"}]}]}},"_links":{"self":[{"href":"https:\/\/soqqu.pl\/index.php\/wp-json\/wp\/v2\/pages\/17"}],"collection":[{"href":"https:\/\/soqqu.pl\/index.php\/wp-json\/wp\/v2\/pages"}],"about":[{"href":"https:\/\/soqqu.pl\/index.php\/wp-json\/wp\/v2\/types\/page"}],"author":[{"embeddable":true,"href":"https:\/\/soqqu.pl\/index.php\/wp-json\/wp\/v2\/users\/1"}],"replies":[{"embeddable":true,"href":"https:\/\/soqqu.pl\/index.php\/wp-json\/wp\/v2\/comments?post=17"}],"version-history":[{"count":3,"href":"https:\/\/soqqu.pl\/index.php\/wp-json\/wp\/v2\/pages\/17\/revisions"}],"predecessor-version":[{"id":76,"href":"https:\/\/soqqu.pl\/index.php\/wp-json\/wp\/v2\/pages\/17\/revisions\/76"}],"wp:attachment":[{"href":"https:\/\/soqqu.pl\/index.php\/wp-json\/wp\/v2\/media?parent=17"}],"curies":[{"name":"wp","href":"https:\/\/api.w.org\/{rel}","templated":true}]}}